{"id":220,"date":"2023-01-02T11:15:39","date_gmt":"2023-01-02T16:15:39","guid":{"rendered":"https:\/\/www.personeriaplayon.gov.co\/?page_id=220"},"modified":"2023-10-05T12:56:42","modified_gmt":"2023-10-05T17:56:42","slug":"noticias","status":"publish","type":"page","link":"https:\/\/www.personeriaplayon.gov.co\/index.php\/noticias\/","title":{"rendered":"Noticias"},"content":{"rendered":"<p>[et_pb_section fb_built=&#8221;1&#8243; admin_label=&#8221;Blog&#8221; _builder_version=&#8221;4.19.0&#8243; _module_preset=&#8221;default&#8221; background_color=&#8221;rgba(12,113,195,0.13)&#8221; collapsed=&#8221;on&#8221; global_colors_info=&#8221;{}&#8221;][et_pb_row _builder_version=&#8221;4.18.0&#8243; _module_preset=&#8221;default&#8221; max_width=&#8221;none&#8221; global_colors_info=&#8221;{}&#8221;][et_pb_column type=&#8221;4_4&#8243; _builder_version=&#8221;4.18.0&#8243; _module_preset=&#8221;default&#8221; global_colors_info=&#8221;{}&#8221;][et_pb_text _builder_version=&#8221;4.18.0&#8243; _module_preset=&#8221;c16985e1-e0d6-4022-964d-e2bfc04fa633&#8243; header_font=&#8221;Playfair Display|700|||||||&#8221; header_text_color=&#8221;#000000&#8243; header_font_size=&#8221;75px&#8221; header_line_height=&#8221;1.1em&#8221; text_orientation=&#8221;center&#8221; custom_margin=&#8221;||69px|||&#8221; header_font_size_tablet=&#8221;40px&#8221; header_font_size_phone=&#8221;24px&#8221; header_font_size_last_edited=&#8221;on|desktop&#8221; global_colors_info=&#8221;{}&#8221;]<\/p>\n<h1>Noticias &amp; Actualidad<\/h1>\n<p>[\/et_pb_text][et_pb_blog fullwidth=&#8221;off&#8221; posts_number=&#8221;6&#8243; show_more_tablet=&#8221;&#8221; show_more_phone=&#8221;&#8221; show_more_last_edited=&#8221;on|desktop&#8221; _builder_version=&#8221;4.19.0&#8243; _module_preset=&#8221;d7101e11-8fff-43d2-b361-db3b3eb4bd9a&#8221; header_font=&#8221;Verdana|700|||||||&#8221; header_text_align=&#8221;left&#8221; header_text_color=&#8221;#000000&#8243; header_font_size=&#8221;16px&#8221; header_line_height=&#8221;1.3em&#8221; body_font=&#8221;Verdana||||||||&#8221; meta_font=&#8221;Ubuntu|700|||||||&#8221; meta_text_color=&#8221;#7090AE&#8221; meta_font_size=&#8221;12px&#8221; read_more_font=&#8221;Ubuntu|700||on|||||&#8221; read_more_text_color=&#8221;#FFFFFF&#8221; pagination_font=&#8221;Ubuntu|700||on|||||&#8221; pagination_text_color=&#8221;#000000&#8243; custom_margin=&#8221;0px||||false|false&#8221; custom_padding=&#8221;0px||0px||false|false&#8221; border_width_all=&#8221;0px&#8221; box_shadow_style=&#8221;preset1&#8243; box_shadow_vertical=&#8221;25px&#8221; box_shadow_blur=&#8221;30px&#8221; box_shadow_spread=&#8221;-20px&#8221; box_shadow_color=&#8221;rgba(182,182,182,0.2)&#8221; locked=&#8221;off&#8221; global_colors_info=&#8221;{}&#8221; show_more__hover_enabled=&#8221;on|desktop&#8221;][\/et_pb_blog][\/et_pb_column][\/et_pb_row][\/et_pb_section][et_pb_section fb_built=&#8221;1&#8243; custom_padding_last_edited=&#8221;on|desktop&#8221; admin_label=&#8221;Footer&#8221; _builder_version=&#8221;4.19.0&#8243; _module_preset=&#8221;default&#8221; background_color=&#8221;#f2f2f2&#8243; background_image=&#8221;https:\/\/www.personeriaplayon.gov.co\/wp-content\/uploads\/2023\/02\/fotter_claro_png.jpg&#8221; background_size=&#8221;contain&#8221; background_position=&#8221;bottom_right&#8221; background_vertical_offset=&#8221;20%&#8221; custom_padding=&#8221;2vw||||false|false&#8221; custom_padding_tablet=&#8221;||||false|false&#8221; custom_padding_phone=&#8221;||||false|false&#8221; top_divider_height=&#8221;148px&#8221; top_divider_repeat=&#8221;1x&#8221; background_last_edited=&#8221;on|tablet&#8221; background_size_tablet=&#8221;contain&#8221; background_size_phone=&#8221;contain&#8221; saved_tabs=&#8221;all&#8221; collapsed=&#8221;on&#8221; global_colors_info=&#8221;{}&#8221;][et_pb_row column_structure=&#8221;1_2,1_2&#8243; _builder_version=&#8221;4.19.0&#8243; _module_preset=&#8221;default&#8221; global_colors_info=&#8221;{}&#8221;][et_pb_column type=&#8221;1_2&#8243; _builder_version=&#8221;4.17.1&#8243; _module_preset=&#8221;default&#8221; global_colors_info=&#8221;{}&#8221;][et_pb_text _builder_version=&#8221;4.19.0&#8243; _module_preset=&#8221;4827deed-2a92-4d97-a22f-f01067ae6873&#8243; header_font=&#8221;||||||||&#8221; header_4_font=&#8221;Verdana|700|||||||&#8221; header_4_text_color=&#8221;#000000&#8243; header_4_font_size=&#8221;22px&#8221; header_4_line_height=&#8221;1.6em&#8221; custom_margin=&#8221;||0px||false|false&#8221; header_4_font_size_tablet=&#8221;20px&#8221; header_4_font_size_phone=&#8221;16px&#8221; header_4_font_size_last_edited=&#8221;on|phone&#8221; locked=&#8221;off&#8221; global_colors_info=&#8221;{}&#8221;]<\/p>\n<h4>Contacto<\/h4>\n<p>[\/et_pb_text][et_pb_text content_tablet=&#8221;<\/p>\n<p><span style=%22font-weight: 400;%22>(+57) 318 891-1597<\/span><\/p>\n<p><span style=%22font-weight: 400;%22>Carrera 5 No. 8-24. Barrio Roberto Ortega<\/span><\/p>\n<p><span style=%22font-weight: 400;%22>Municipio de El Play\u00f3n &#8211; Santander<\/span><\/p>\n<p><span style=%22font-weight: 400;%22>personeria@elplayon-santander.gov.co<\/span><\/p>\n<p><span style=%22font-weight: 400;%22>notificacionjudicial@personeriaplayon.gov.co<\/span><\/p>\n<p>&#8221; content_phone=&#8221;<\/p>\n<p><span style=%22font-weight: 400;%22>(+57) 318 891-1597<\/span><\/p>\n<p><span style=%22font-weight: 400;%22>Carrera 5 No. 8-24. Barrio Roberto Ortega<\/span><\/p>\n<p><span style=%22font-weight: 400;%22>Municipio de El Play\u00f3n &#8211; Santander<\/span><\/p>\n<p><span style=%22font-weight: 400;%22>personeria@elplayon-santander.gov.co<\/span><\/p>\n<p><span style=%22font-weight: 400;%22>notificacionjudicial@personeriaplayon.gov.co<\/span><\/p>\n<p>&#8221; content_last_edited=&#8221;on|phone&#8221; _builder_version=&#8221;4.19.0&#8243; _module_preset=&#8221;1f09816e-184e-4ce5-a4cf-b39c52c423ca&#8221; text_font=&#8221;Verdana||||||||&#8221; text_text_color=&#8221;#000000&#8243; text_font_size=&#8221;18px&#8221; text_line_height=&#8221;1.1em&#8221; link_text_color=&#8221;#E1ECEA&#8221; header_font=&#8221;Verdana||||||||&#8221; header_text_color=&#8221;#000000&#8243; transform_scale_tablet=&#8221;&#8221; transform_scale_phone=&#8221;&#8221; transform_scale_last_edited=&#8221;on|desktop&#8221; transform_translate=&#8221;0px|20px&#8221; transform_translate_tablet=&#8221;0px|20px&#8221; transform_translate_phone=&#8221;0px|20px&#8221; transform_translate_last_edited=&#8221;on|desktop&#8221; transform_translate_linked=&#8221;off&#8221; transform_rotate_tablet=&#8221;&#8221; transform_rotate_phone=&#8221;&#8221; transform_rotate_last_edited=&#8221;on|desktop&#8221; transform_skew_tablet=&#8221;&#8221; transform_skew_phone=&#8221;&#8221; transform_skew_last_edited=&#8221;on|desktop&#8221; transform_origin_tablet=&#8221;&#8221; transform_origin_phone=&#8221;&#8221; transform_origin_last_edited=&#8221;on|desktop&#8221; transform_styles_last_edited=&#8221;on|desktop&#8221; hover_enabled=&#8221;0&#8243; text_font_size_tablet=&#8221;16px&#8221; text_font_size_phone=&#8221;13px&#8221; text_font_size_last_edited=&#8221;on|tablet&#8221; header_font_size_tablet=&#8221;55px&#8221; header_font_size_last_edited=&#8221;off|desktop&#8221; transform_styles_tablet=&#8221;&#8221; transform_styles_phone=&#8221;&#8221; locked=&#8221;off&#8221; global_colors_info=&#8221;{}&#8221; sticky_enabled=&#8221;0&#8243;]<\/p>\n<p><span style=\"font-weight: 400;\">(+57) 318 891-1597<\/span><\/p>\n<p><span style=\"font-weight: 400;\">Carrera 5 No. 8-24. Barrio Roberto Ortega<\/span><\/p>\n<p><span style=\"font-weight: 400;\">Municipio de El Play\u00f3n &#8211; Santander<\/span><\/p>\n<p>&nbsp;<\/p>\n<p>[\/et_pb_text][\/et_pb_column][et_pb_column type=&#8221;1_2&#8243; _builder_version=&#8221;4.19.0&#8243; _module_preset=&#8221;default&#8221; transform_scale_tablet=&#8221;&#8221; transform_scale_phone=&#8221;&#8221; transform_scale_last_edited=&#8221;on|desktop&#8221; transform_scale_linked=&#8221;off&#8221; transform_translate=&#8221;-139px|-2px&#8221; transform_translate_tablet=&#8221;3px|-2px&#8221; transform_translate_phone=&#8221;3px|-2px&#8221; transform_translate_last_edited=&#8221;on|desktop&#8221; transform_rotate_tablet=&#8221;&#8221; transform_rotate_phone=&#8221;&#8221; transform_rotate_last_edited=&#8221;on|desktop&#8221; transform_skew_tablet=&#8221;&#8221; transform_skew_phone=&#8221;&#8221; transform_skew_last_edited=&#8221;on|desktop&#8221; transform_origin_tablet=&#8221;&#8221; transform_origin_phone=&#8221;&#8221; transform_origin_last_edited=&#8221;on|desktop&#8221; transform_styles_last_edited=&#8221;on|desktop&#8221; custom_padding_tablet=&#8221;25px||||false|false&#8221; custom_padding_phone=&#8221;25px||||false|false&#8221; custom_padding_last_edited=&#8221;on|tablet&#8221; transform_styles_tablet=&#8221;&#8221; transform_styles_phone=&#8221;&#8221; global_colors_info=&#8221;{}&#8221;][et_pb_text _builder_version=&#8221;4.19.0&#8243; _module_preset=&#8221;4827deed-2a92-4d97-a22f-f01067ae6873&#8243; text_font=&#8221;Verdana||||||||&#8221; header_font=&#8221;||||||||&#8221; header_4_font=&#8221;Verdana|700|||||||&#8221; header_4_text_color=&#8221;#000000&#8243; header_4_font_size=&#8221;22px&#8221; header_4_line_height=&#8221;1.6em&#8221; text_orientation=&#8221;center&#8221; custom_margin=&#8221;||0px||false|false&#8221; header_4_font_size_tablet=&#8221;20px&#8221; header_4_font_size_phone=&#8221;16px&#8221; header_4_font_size_last_edited=&#8221;on|phone&#8221; text_orientation_tablet=&#8221;left&#8221; text_orientation_phone=&#8221;left&#8221; text_orientation_last_edited=&#8221;on|tablet&#8221; global_colors_info=&#8221;{}&#8221;]<\/p>\n<h4>Servicios<\/h4>\n<p>[\/et_pb_text][et_pb_text content_tablet=&#8221;<\/p>\n<p><a href=%22https:\/\/www.personeriaplayon.gov.co\/index.php\/nuestra-entidad\/%22><span><span style=%22color: #000000;%22>Nuestra Entidad<\/span><\/span><\/a><\/p>\n<p><a href=%22https:\/\/www.personeriaplayon.gov.co\/index.php\/el-personero-con-usted\/%22><span><span style=%22color: #000000;%22>El Personero con usted<\/span><\/span><\/a><\/p>\n<p><a href=%22https:\/\/www.personeriaplayon.gov.co\/index.php\/informes\/%22><span><span style=%22color: #000000;%22>Informes<\/span><\/span><\/a><\/p>\n<p><a href=%22https:\/\/www.personeriaplayon.gov.co\/index.php\/noticias\/%22><span><span style=%22color: #000000;%22>Noticias<\/span><\/span><\/a><\/p>\n<p><a href=%22https:\/\/www.personeriaplayon.gov.co\/index.php\/pqrs\/%22><span><span style=%22color: #000000;%22>PQRS<\/span><\/span><\/a><\/p>\n<p>&#8221; content_phone=&#8221;<\/p>\n<p><a href=%22https:\/\/www.personeriaplayon.gov.co\/index.php\/nuestra-entidad\/%22><span><span style=%22color: #000000;%22>Nuestra Entidad<\/span><\/span><\/a><\/p>\n<p><a href=%22https:\/\/www.personeriaplayon.gov.co\/index.php\/el-personero-con-usted\/%22><span><span style=%22color: #000000;%22>El Personero con usted<\/span><\/span><\/a><\/p>\n<p><a href=%22https:\/\/www.personeriaplayon.gov.co\/index.php\/informes\/%22><span><span style=%22color: #000000;%22>Informes<\/span><\/span><\/a><\/p>\n<p><a href=%22https:\/\/www.personeriaplayon.gov.co\/index.php\/noticias\/%22><span><span style=%22color: #000000;%22>Noticias<\/span><\/span><\/a><\/p>\n<p><a href=%22https:\/\/www.personeriaplayon.gov.co\/index.php\/pqrs\/%22><span><span style=%22color: #000000;%22>PQRS<\/span><\/span><\/a><\/p>\n<p>&#8221; content_last_edited=&#8221;on|phone&#8221; _builder_version=&#8221;4.19.0&#8243; _module_preset=&#8221;1f09816e-184e-4ce5-a4cf-b39c52c423ca&#8221; text_font=&#8221;Verdana||||||||&#8221; text_text_color=&#8221;#000000&#8243; text_font_size=&#8221;18px&#8221; text_line_height=&#8221;1em&#8221; link_text_color=&#8221;#E1ECEA&#8221; header_font=&#8221;Verdana||||||||&#8221; header_text_color=&#8221;#000000&#8243; transform_scale_tablet=&#8221;&#8221; transform_scale_phone=&#8221;&#8221; transform_scale_last_edited=&#8221;on|desktop&#8221; transform_translate=&#8221;198px|20px&#8221; transform_translate_tablet=&#8221;0px|0px&#8221; transform_translate_phone=&#8221;0px|0px&#8221; transform_translate_last_edited=&#8221;on|desktop&#8221; transform_translate_linked=&#8221;off&#8221; transform_rotate_tablet=&#8221;&#8221; transform_rotate_phone=&#8221;&#8221; transform_rotate_last_edited=&#8221;on|desktop&#8221; transform_skew_tablet=&#8221;&#8221; transform_skew_phone=&#8221;&#8221; transform_skew_last_edited=&#8221;on|desktop&#8221; transform_origin_tablet=&#8221;&#8221; transform_origin_phone=&#8221;&#8221; transform_origin_last_edited=&#8221;on|desktop&#8221; transform_styles_last_edited=&#8221;on|desktop&#8221; custom_padding=&#8221;|3px|0px|||&#8221; custom_padding_tablet=&#8221;20px|3px|0px||false|false&#8221; custom_padding_phone=&#8221;20px|3px|0px||false|false&#8221; custom_padding_last_edited=&#8221;on|tablet&#8221; text_font_size_tablet=&#8221;16px&#8221; text_font_size_phone=&#8221;13px&#8221; text_font_size_last_edited=&#8221;on|tablet&#8221; text_line_height_tablet=&#8221;1em&#8221; text_line_height_phone=&#8221;1em&#8221; text_line_height_last_edited=&#8221;on|tablet&#8221; header_font_size_tablet=&#8221;55px&#8221; header_font_size_last_edited=&#8221;off|desktop&#8221; transform_styles_tablet=&#8221;&#8221; transform_styles_phone=&#8221;&#8221; global_colors_info=&#8221;{}&#8221;]<\/p>\n<p><a href=\"https:\/\/www.personeriaplayon.gov.co\/index.php\/nuestra-entidad\/\"><span><span style=\"color: #000000;\">Nuestra Entidad<\/span><\/span><\/a><\/p>\n<p><a href=\"https:\/\/www.personeriaplayon.gov.co\/index.php\/veedurias-registradas\/\"><span><span style=\"color: #000000;\">Veedur\u00edas Registradas<\/span><\/span><\/a><\/p>\n<p><a href=\"https:\/\/www.personeriaplayon.gov.co\/index.php\/respuestas-a-derechos-de-peticion\/\"><span><span style=\"color: #000000;\">Respuesta a Derechos de Petici\u00f3n<\/span><\/span><\/a><\/p>\n<p><a href=\"https:\/\/www.personeriaplayon.gov.co\/index.php\/informes\/\"><span><span style=\"color: #000000;\">Informes<\/span><\/span><\/a><\/p>\n<p><a href=\"https:\/\/www.personeriaplayon.gov.co\/index.php\/pqrs\/\"><span><span style=\"color: #000000;\">PQRS<\/span><\/span><\/a><\/p>\n<p>[\/et_pb_text][\/et_pb_column][\/et_pb_row][et_pb_row _builder_version=&#8221;4.19.0&#8243; _module_preset=&#8221;default&#8221; global_colors_info=&#8221;{}&#8221;][et_pb_column type=&#8221;4_4&#8243; _builder_version=&#8221;4.19.0&#8243; _module_preset=&#8221;default&#8221; global_colors_info=&#8221;{}&#8221;][et_pb_social_media_follow icon_color=&#8221;#E1ECEA&#8221; _builder_version=&#8221;4.19.0&#8243; _module_preset=&#8221;default&#8221; transform_scale_tablet=&#8221;&#8221; transform_scale_phone=&#8221;&#8221; transform_scale_last_edited=&#8221;on|desktop&#8221; transform_translate=&#8221;-10px|35px&#8221; transform_translate_tablet=&#8221;-10px|35px&#8221; transform_translate_phone=&#8221;-10px|35px&#8221; transform_translate_last_edited=&#8221;on|desktop&#8221; transform_translate_linked=&#8221;off&#8221; transform_rotate_tablet=&#8221;&#8221; transform_rotate_phone=&#8221;&#8221; transform_rotate_last_edited=&#8221;on|desktop&#8221; transform_skew_tablet=&#8221;&#8221; transform_skew_phone=&#8221;&#8221; transform_skew_last_edited=&#8221;on|desktop&#8221; transform_origin_tablet=&#8221;&#8221; transform_origin_phone=&#8221;&#8221; transform_origin_last_edited=&#8221;on|desktop&#8221; transform_styles_last_edited=&#8221;on|desktop&#8221; transform_styles_tablet=&#8221;&#8221; transform_styles_phone=&#8221;&#8221; locked=&#8221;off&#8221; global_colors_info=&#8221;{}&#8221;][et_pb_social_media_follow_network social_network=&#8221;facebook&#8221; icon_color=&#8221;#0C71C3&#8243; _builder_version=&#8221;4.19.0&#8243; _module_preset=&#8221;default&#8221; global_colors_info=&#8221;{}&#8221; follow_button=&#8221;off&#8221; url_new_window=&#8221;on&#8221;]facebook[\/et_pb_social_media_follow_network][et_pb_social_media_follow_network social_network=&#8221;twitter&#8221; icon_color=&#8221;#0C71C3&#8243; _builder_version=&#8221;4.19.0&#8243; _module_preset=&#8221;default&#8221; global_colors_info=&#8221;{}&#8221; follow_button=&#8221;off&#8221; url_new_window=&#8221;on&#8221;]twitter[\/et_pb_social_media_follow_network][et_pb_social_media_follow_network social_network=&#8221;linkedin&#8221; icon_color=&#8221;#0C71C3&#8243; _builder_version=&#8221;4.19.0&#8243; _module_preset=&#8221;default&#8221; global_colors_info=&#8221;{}&#8221; follow_button=&#8221;off&#8221; url_new_window=&#8221;on&#8221;]linkedin[\/et_pb_social_media_follow_network][\/et_pb_social_media_follow][\/et_pb_column][\/et_pb_row][\/et_pb_section]<\/p>\n","protected":false},"excerpt":{"rendered":"<p>Noticias &amp; ActualidadContacto(+57) 318 891-1597 Carrera 5 No. 8-24. Barrio Roberto Ortega Municipio de El Play\u00f3n &#8211; Santander &nbsp;ServiciosNuestra Entidad Veedur\u00edas Registradas Respuesta a Derechos de Petici\u00f3n Informes PQRSfacebooktwitterlinkedin<\/p>\n","protected":false},"author":1,"featured_media":0,"parent":0,"menu_order":0,"comment_status":"closed","ping_status":"closed","template":"","meta":{"_et_pb_use_builder":"on","_et_pb_old_content":"","_et_gb_content_width":"","footnotes":""},"class_list":["post-220","page","type-page","status-publish","hentry"],"_links":{"self":[{"href":"https:\/\/www.personeriaplayon.gov.co\/index.php\/wp-json\/wp\/v2\/pages\/220","targetHints":{"allow":["GET"]}}],"collection":[{"href":"https:\/\/www.personeriaplayon.gov.co\/index.php\/wp-json\/wp\/v2\/pages"}],"about":[{"href":"https:\/\/www.personeriaplayon.gov.co\/index.php\/wp-json\/wp\/v2\/types\/page"}],"author":[{"embeddable":true,"href":"https:\/\/www.personeriaplayon.gov.co\/index.php\/wp-json\/wp\/v2\/users\/1"}],"replies":[{"embeddable":true,"href":"https:\/\/www.personeriaplayon.gov.co\/index.php\/wp-json\/wp\/v2\/comments?post=220"}],"version-history":[{"count":22,"href":"https:\/\/www.personeriaplayon.gov.co\/index.php\/wp-json\/wp\/v2\/pages\/220\/revisions"}],"predecessor-version":[{"id":1124,"href":"https:\/\/www.personeriaplayon.gov.co\/index.php\/wp-json\/wp\/v2\/pages\/220\/revisions\/1124"}],"wp:attachment":[{"href":"https:\/\/www.personeriaplayon.gov.co\/index.php\/wp-json\/wp\/v2\/media?parent=220"}],"curies":[{"name":"wp","href":"https:\/\/api.w.org\/{rel}","templated":true}]}}