{"id":834,"date":"2023-02-15T09:08:19","date_gmt":"2023-02-15T14:08:19","guid":{"rendered":"https:\/\/www.personeriaplayon.gov.co\/?page_id=834"},"modified":"2023-10-05T12:53:09","modified_gmt":"2023-10-05T17:53:09","slug":"resoluciones","status":"publish","type":"page","link":"https:\/\/www.personeriaplayon.gov.co\/index.php\/resoluciones\/","title":{"rendered":"Resoluciones"},"content":{"rendered":"<p>[et_pb_section fb_built=&#8221;1&#8243; _builder_version=&#8221;4.19.0&#8243; _module_preset=&#8221;default&#8221; background_color=&#8221;rgba(12,113,195,0.1)&#8221; custom_padding=&#8221;13px|||||&#8221; global_colors_info=&#8221;{}&#8221;][et_pb_row _builder_version=&#8221;4.19.0&#8243; _module_preset=&#8221;default&#8221; global_colors_info=&#8221;{}&#8221;][et_pb_column type=&#8221;4_4&#8243; _builder_version=&#8221;4.19.0&#8243; _module_preset=&#8221;default&#8221; global_colors_info=&#8221;{}&#8221;][et_pb_text _builder_version=&#8221;4.19.0&#8243; text_font=&#8221;||||||||&#8221; header_font=&#8221;||||||||&#8221; header_2_font=&#8221;Lora|700|||||||&#8221; header_2_font_size=&#8221;50px&#8221; header_2_line_height=&#8221;1.5em&#8221; header_5_font=&#8221;Oswald|||on|||||&#8221; header_5_text_color=&#8221;rgba(0,0,0,0.4)&#8221; header_5_font_size=&#8221;20px&#8221; header_5_letter_spacing=&#8221;3px&#8221; text_orientation=&#8221;center&#8221; max_width=&#8221;600px&#8221; module_alignment=&#8221;center&#8221; text_line_height_last_edited=&#8221;off|desktop&#8221; global_colors_info=&#8221;{}&#8221;]<\/p>\n<h2 style=\"text-align: center;\"><\/h2>\n<h5 style=\"text-align: left;\"><img loading=\"lazy\" decoding=\"async\" src=\"https:\/\/www.personeriaplayon.gov.co\/wp-content\/uploads\/2023\/01\/Picture1.png\" width=\"114\" height=\"150\" alt=\"\" class=\"wp-image-320 aligncenter size-full\" \/><\/h5>\n<p>[\/et_pb_text][et_pb_text content_tablet=&#8221;<\/p>\n<h5>personer\u00cda de el play\u00f3n santander<\/h5>\n<h4><strong>LOS DERECHOS EN SERIO<\/strong><\/h4>\n<p>&#8221; content_phone=&#8221;<\/p>\n<h5>personer\u00cda de el play\u00f3n santander<\/h5>\n<h4><strong><\/strong><\/h4>\n<h4><strong>LOS DERECHOS EN SERIO<\/strong><\/h4>\n<p>&#8221; content_last_edited=&#8221;on|phone&#8221; _builder_version=&#8221;4.19.0&#8243; text_font=&#8221;||||||||&#8221; header_font=&#8221;||||||||&#8221; header_2_font=&#8221;Lora|700|||||||&#8221; header_2_font_size=&#8221;50px&#8221; header_2_line_height=&#8221;1.5em&#8221; header_4_font=&#8221;Verdana||||||||&#8221; header_5_font=&#8221;Verdana|||on|||||&#8221; header_5_text_color=&#8221;rgba(0,0,0,0.4)&#8221; header_5_font_size=&#8221;20px&#8221; header_5_letter_spacing=&#8221;3px&#8221; text_orientation=&#8221;center&#8221; max_width=&#8221;600px&#8221; module_alignment=&#8221;center&#8221; text_line_height_last_edited=&#8221;off|desktop&#8221; locked=&#8221;off&#8221; global_colors_info=&#8221;{}&#8221;]<\/p>\n<h5>personer\u00cda de el play\u00f3n santander<\/h5>\n<h4><strong>LOS DERECHOS EN SERIO<\/strong><\/h4>\n<p>[\/et_pb_text][et_pb_accordion toggle_icon=&#8221;&#x50;||divi||400&#8243; _builder_version=&#8221;4.19.0&#8243; _module_preset=&#8221;default&#8221; toggle_font=&#8221;Verdana||||||||&#8221; closed_toggle_font=&#8221;Verdana||||||||&#8221; body_font=&#8221;Verdana||||||||&#8221; global_colors_info=&#8221;{}&#8221;][et_pb_accordion_item title=&#8221;Resoluciones&#8221; open=&#8221;on&#8221; _builder_version=&#8221;4.19.0&#8243; _module_preset=&#8221;default&#8221; global_colors_info=&#8221;{}&#8221; toggle_text_align=&#8221;center&#8221; toggle_font_size=&#8221;20px&#8221;]<\/p>\n<p style=\"text-align: center;\"><span>La Personer\u00eda de El Play\u00f3n Santander, pone a disposici\u00f3n las Resoluciones\u00a0<\/span><\/p>\n<p>[\/et_pb_accordion_item][et_pb_accordion_item title=&#8221;9:00am &#8211; 15\/02\/23 &#8211; RESOLUCION No. 001 2023   Por medio del cual se ordena la apertura de la inscripci\u00f3n de las Organizaciones de V\u00edctimas (OV) Sujetos de Reparaci\u00f3n Colectiva (SRC) y Organizaciones Defensoras de V\u00edctimas (ODV) ubicadas en el Municipio de El Play\u00f3n- Santander.&#8221; _builder_version=&#8221;4.19.0&#8243; _module_preset=&#8221;default&#8221; link_option_url_new_window=&#8221;on&#8221; global_colors_info=&#8221;{}&#8221; toggle_font_size=&#8221;15px&#8221; open=&#8221;off&#8221;]<\/p>\n<p><a href=\"https:\/\/www.personeriaplayon.gov.co\/wp-content\/uploads\/2023\/02\/RESOLUCION-No.-001-2023.pdf\" rel=\"attachment noopener wp-att-277\" target=\"_blank\">RESOLUCION No. 001 2023<\/a><\/p>\n<p>[\/et_pb_accordion_item][\/et_pb_accordion][et_pb_audio audio=&#8221;https:\/\/www.personeriaplayon.gov.co\/wp-content\/uploads\/2023\/02\/yt5s.io-See-I-_-Revolution-ft.-Candice-Mills-128-kbps.mp3&#8243; title=&#8221;RESOLUCI\u00d3N EN AUDIO&#8221; artist_name=&#8221;PERSONERIA DE EL PLAY\u00d3N &#8221; album_name=&#8221;LOS DERECHOS EN SERIO &#8221; _builder_version=&#8221;4.19.0&#8243; _module_preset=&#8221;default&#8221; background_color=&#8221;rgba(46,127,193,0.52)&#8221; global_colors_info=&#8221;{}&#8221;][\/et_pb_audio][\/et_pb_column][\/et_pb_row][\/et_pb_section][et_pb_section fb_built=&#8221;1&#8243; custom_padding_last_edited=&#8221;on|desktop&#8221; admin_label=&#8221;Footer&#8221; _builder_version=&#8221;4.19.0&#8243; _module_preset=&#8221;default&#8221; background_color=&#8221;#f2f2f2&#8243; background_image=&#8221;https:\/\/www.personeriaplayon.gov.co\/wp-content\/uploads\/2023\/02\/fotter_claro_png.jpg&#8221; background_size=&#8221;contain&#8221; background_position=&#8221;bottom_right&#8221; background_vertical_offset=&#8221;20%&#8221; custom_padding=&#8221;2vw||||false|false&#8221; custom_padding_tablet=&#8221;||||false|false&#8221; custom_padding_phone=&#8221;||||false|false&#8221; top_divider_height=&#8221;148px&#8221; top_divider_repeat=&#8221;1x&#8221; background_last_edited=&#8221;on|tablet&#8221; background_size_tablet=&#8221;contain&#8221; background_size_phone=&#8221;contain&#8221; saved_tabs=&#8221;all&#8221; collapsed=&#8221;on&#8221; global_colors_info=&#8221;{}&#8221;][et_pb_row column_structure=&#8221;1_2,1_2&#8243; _builder_version=&#8221;4.19.0&#8243; _module_preset=&#8221;default&#8221; global_colors_info=&#8221;{}&#8221;][et_pb_column type=&#8221;1_2&#8243; _builder_version=&#8221;4.17.1&#8243; _module_preset=&#8221;default&#8221; global_colors_info=&#8221;{}&#8221;][et_pb_text _builder_version=&#8221;4.19.0&#8243; _module_preset=&#8221;4827deed-2a92-4d97-a22f-f01067ae6873&#8243; header_font=&#8221;||||||||&#8221; header_4_font=&#8221;Verdana|700|||||||&#8221; header_4_text_color=&#8221;#000000&#8243; header_4_font_size=&#8221;22px&#8221; header_4_line_height=&#8221;1.6em&#8221; custom_margin=&#8221;||0px||false|false&#8221; header_4_font_size_tablet=&#8221;20px&#8221; header_4_font_size_phone=&#8221;16px&#8221; header_4_font_size_last_edited=&#8221;on|phone&#8221; locked=&#8221;off&#8221; global_colors_info=&#8221;{}&#8221;]<\/p>\n<h4>Contacto<\/h4>\n<p>[\/et_pb_text][et_pb_text content_tablet=&#8221;<\/p>\n<p><span style=%22font-weight: 400;%22>(+57) 318 891-1597<\/span><\/p>\n<p><span style=%22font-weight: 400;%22>Carrera 5 No. 8-24. Barrio Roberto Ortega<\/span><\/p>\n<p><span style=%22font-weight: 400;%22>Municipio de El Play\u00f3n &#8211; Santander<\/span><\/p>\n<p><span style=%22font-weight: 400;%22>personeria@elplayon-santander.gov.co<\/span><\/p>\n<p><span style=%22font-weight: 400;%22>notificacionjudicial@personeriaplayon.gov.co<\/span><\/p>\n<p>&#8221; content_phone=&#8221;<\/p>\n<p><span style=%22font-weight: 400;%22>(+57) 318 891-1597<\/span><\/p>\n<p><span style=%22font-weight: 400;%22>Carrera 5 No. 8-24. Barrio Roberto Ortega<\/span><\/p>\n<p><span style=%22font-weight: 400;%22>Municipio de El Play\u00f3n &#8211; Santander<\/span><\/p>\n<p><span style=%22font-weight: 400;%22>personeria@elplayon-santander.gov.co<\/span><\/p>\n<p><span style=%22font-weight: 400;%22>notificacionjudicial@personeriaplayon.gov.co<\/span><\/p>\n<p>&#8221; content_last_edited=&#8221;on|phone&#8221; _builder_version=&#8221;4.19.0&#8243; _module_preset=&#8221;1f09816e-184e-4ce5-a4cf-b39c52c423ca&#8221; text_font=&#8221;Verdana||||||||&#8221; text_text_color=&#8221;#000000&#8243; text_font_size=&#8221;18px&#8221; text_line_height=&#8221;1.1em&#8221; link_text_color=&#8221;#E1ECEA&#8221; header_font=&#8221;Verdana||||||||&#8221; header_text_color=&#8221;#000000&#8243; transform_scale_tablet=&#8221;&#8221; transform_scale_phone=&#8221;&#8221; transform_scale_last_edited=&#8221;on|desktop&#8221; transform_translate=&#8221;0px|20px&#8221; transform_translate_tablet=&#8221;0px|20px&#8221; transform_translate_phone=&#8221;0px|20px&#8221; transform_translate_last_edited=&#8221;on|desktop&#8221; transform_translate_linked=&#8221;off&#8221; transform_rotate_tablet=&#8221;&#8221; transform_rotate_phone=&#8221;&#8221; transform_rotate_last_edited=&#8221;on|desktop&#8221; transform_skew_tablet=&#8221;&#8221; transform_skew_phone=&#8221;&#8221; transform_skew_last_edited=&#8221;on|desktop&#8221; transform_origin_tablet=&#8221;&#8221; transform_origin_phone=&#8221;&#8221; transform_origin_last_edited=&#8221;on|desktop&#8221; transform_styles_last_edited=&#8221;on|desktop&#8221; hover_enabled=&#8221;0&#8243; text_font_size_tablet=&#8221;16px&#8221; text_font_size_phone=&#8221;13px&#8221; text_font_size_last_edited=&#8221;on|tablet&#8221; header_font_size_tablet=&#8221;55px&#8221; header_font_size_last_edited=&#8221;off|desktop&#8221; transform_styles_tablet=&#8221;&#8221; transform_styles_phone=&#8221;&#8221; locked=&#8221;off&#8221; global_colors_info=&#8221;{}&#8221; sticky_enabled=&#8221;0&#8243;]<\/p>\n<p><span style=\"font-weight: 400;\">(+57) 318 891-1597<\/span><\/p>\n<p><span style=\"font-weight: 400;\">Carrera 5 No. 8-24. Barrio Roberto Ortega<\/span><\/p>\n<p><span style=\"font-weight: 400;\">Municipio de El Play\u00f3n &#8211; Santander<\/span><\/p>\n<p>&nbsp;<\/p>\n<p>[\/et_pb_text][\/et_pb_column][et_pb_column type=&#8221;1_2&#8243; _builder_version=&#8221;4.19.0&#8243; _module_preset=&#8221;default&#8221; transform_scale_tablet=&#8221;&#8221; transform_scale_phone=&#8221;&#8221; transform_scale_last_edited=&#8221;on|desktop&#8221; transform_scale_linked=&#8221;off&#8221; transform_translate=&#8221;-139px|-2px&#8221; transform_translate_tablet=&#8221;3px|-2px&#8221; transform_translate_phone=&#8221;3px|-2px&#8221; transform_translate_last_edited=&#8221;on|desktop&#8221; transform_rotate_tablet=&#8221;&#8221; transform_rotate_phone=&#8221;&#8221; transform_rotate_last_edited=&#8221;on|desktop&#8221; transform_skew_tablet=&#8221;&#8221; transform_skew_phone=&#8221;&#8221; transform_skew_last_edited=&#8221;on|desktop&#8221; transform_origin_tablet=&#8221;&#8221; transform_origin_phone=&#8221;&#8221; transform_origin_last_edited=&#8221;on|desktop&#8221; transform_styles_last_edited=&#8221;on|desktop&#8221; custom_padding_tablet=&#8221;25px||||false|false&#8221; custom_padding_phone=&#8221;25px||||false|false&#8221; custom_padding_last_edited=&#8221;on|tablet&#8221; transform_styles_tablet=&#8221;&#8221; transform_styles_phone=&#8221;&#8221; global_colors_info=&#8221;{}&#8221;][et_pb_text _builder_version=&#8221;4.19.0&#8243; _module_preset=&#8221;4827deed-2a92-4d97-a22f-f01067ae6873&#8243; text_font=&#8221;Verdana||||||||&#8221; header_font=&#8221;||||||||&#8221; header_4_font=&#8221;Verdana|700|||||||&#8221; header_4_text_color=&#8221;#000000&#8243; header_4_font_size=&#8221;22px&#8221; header_4_line_height=&#8221;1.6em&#8221; text_orientation=&#8221;center&#8221; custom_margin=&#8221;||0px||false|false&#8221; header_4_font_size_tablet=&#8221;20px&#8221; header_4_font_size_phone=&#8221;16px&#8221; header_4_font_size_last_edited=&#8221;on|phone&#8221; text_orientation_tablet=&#8221;left&#8221; text_orientation_phone=&#8221;left&#8221; text_orientation_last_edited=&#8221;on|tablet&#8221; global_colors_info=&#8221;{}&#8221;]<\/p>\n<h4>Servicios<\/h4>\n<p>[\/et_pb_text][et_pb_text content_tablet=&#8221;<\/p>\n<p><a href=%22https:\/\/www.personeriaplayon.gov.co\/index.php\/nuestra-entidad\/%22><span><span style=%22color: #000000;%22>Nuestra Entidad<\/span><\/span><\/a><\/p>\n<p><a href=%22https:\/\/www.personeriaplayon.gov.co\/index.php\/el-personero-con-usted\/%22><span><span style=%22color: #000000;%22>El Personero con usted<\/span><\/span><\/a><\/p>\n<p><a href=%22https:\/\/www.personeriaplayon.gov.co\/index.php\/informes\/%22><span><span style=%22color: #000000;%22>Informes<\/span><\/span><\/a><\/p>\n<p><a href=%22https:\/\/www.personeriaplayon.gov.co\/index.php\/noticias\/%22><span><span style=%22color: #000000;%22>Noticias<\/span><\/span><\/a><\/p>\n<p><a href=%22https:\/\/www.personeriaplayon.gov.co\/index.php\/pqrs\/%22><span><span style=%22color: #000000;%22>PQRS<\/span><\/span><\/a><\/p>\n<p>&#8221; content_phone=&#8221;<\/p>\n<p><a href=%22https:\/\/www.personeriaplayon.gov.co\/index.php\/nuestra-entidad\/%22><span><span style=%22color: #000000;%22>Nuestra Entidad<\/span><\/span><\/a><\/p>\n<p><a href=%22https:\/\/www.personeriaplayon.gov.co\/index.php\/el-personero-con-usted\/%22><span><span style=%22color: #000000;%22>El Personero con usted<\/span><\/span><\/a><\/p>\n<p><a href=%22https:\/\/www.personeriaplayon.gov.co\/index.php\/informes\/%22><span><span style=%22color: #000000;%22>Informes<\/span><\/span><\/a><\/p>\n<p><a href=%22https:\/\/www.personeriaplayon.gov.co\/index.php\/noticias\/%22><span><span style=%22color: #000000;%22>Noticias<\/span><\/span><\/a><\/p>\n<p><a href=%22https:\/\/www.personeriaplayon.gov.co\/index.php\/pqrs\/%22><span><span style=%22color: #000000;%22>PQRS<\/span><\/span><\/a><\/p>\n<p>&#8221; content_last_edited=&#8221;on|phone&#8221; _builder_version=&#8221;4.19.0&#8243; _module_preset=&#8221;1f09816e-184e-4ce5-a4cf-b39c52c423ca&#8221; text_font=&#8221;Verdana||||||||&#8221; text_text_color=&#8221;#000000&#8243; text_font_size=&#8221;18px&#8221; text_line_height=&#8221;1em&#8221; link_text_color=&#8221;#E1ECEA&#8221; header_font=&#8221;Verdana||||||||&#8221; header_text_color=&#8221;#000000&#8243; transform_scale_tablet=&#8221;&#8221; transform_scale_phone=&#8221;&#8221; transform_scale_last_edited=&#8221;on|desktop&#8221; transform_translate=&#8221;198px|20px&#8221; transform_translate_tablet=&#8221;0px|0px&#8221; transform_translate_phone=&#8221;0px|0px&#8221; transform_translate_last_edited=&#8221;on|desktop&#8221; transform_translate_linked=&#8221;off&#8221; transform_rotate_tablet=&#8221;&#8221; transform_rotate_phone=&#8221;&#8221; transform_rotate_last_edited=&#8221;on|desktop&#8221; transform_skew_tablet=&#8221;&#8221; transform_skew_phone=&#8221;&#8221; transform_skew_last_edited=&#8221;on|desktop&#8221; transform_origin_tablet=&#8221;&#8221; transform_origin_phone=&#8221;&#8221; transform_origin_last_edited=&#8221;on|desktop&#8221; transform_styles_last_edited=&#8221;on|desktop&#8221; custom_padding=&#8221;|3px|0px|||&#8221; custom_padding_tablet=&#8221;20px|3px|0px||false|false&#8221; custom_padding_phone=&#8221;20px|3px|0px||false|false&#8221; custom_padding_last_edited=&#8221;on|tablet&#8221; text_font_size_tablet=&#8221;16px&#8221; text_font_size_phone=&#8221;13px&#8221; text_font_size_last_edited=&#8221;on|tablet&#8221; text_line_height_tablet=&#8221;1em&#8221; text_line_height_phone=&#8221;1em&#8221; text_line_height_last_edited=&#8221;on|tablet&#8221; header_font_size_tablet=&#8221;55px&#8221; header_font_size_last_edited=&#8221;off|desktop&#8221; transform_styles_tablet=&#8221;&#8221; transform_styles_phone=&#8221;&#8221; global_colors_info=&#8221;{}&#8221;]<\/p>\n<p><a href=\"https:\/\/www.personeriaplayon.gov.co\/index.php\/nuestra-entidad\/\"><span><span style=\"color: #000000;\">Nuestra Entidad<\/span><\/span><\/a><\/p>\n<p><a href=\"https:\/\/www.personeriaplayon.gov.co\/index.php\/veedurias-registradas\/\"><span><span style=\"color: #000000;\">Veedur\u00edas Registradas<\/span><\/span><\/a><\/p>\n<p><a href=\"https:\/\/www.personeriaplayon.gov.co\/index.php\/respuestas-a-derechos-de-peticion\/\"><span><span style=\"color: #000000;\">Respuesta a Derechos de Petici\u00f3n<\/span><\/span><\/a><\/p>\n<p><a href=\"https:\/\/www.personeriaplayon.gov.co\/index.php\/informes\/\"><span><span style=\"color: #000000;\">Informes<\/span><\/span><\/a><\/p>\n<p><a href=\"https:\/\/www.personeriaplayon.gov.co\/index.php\/noticias\/\"><span><span style=\"color: #000000;\">Noticias<\/span><\/span><\/a><\/p>\n<p><a href=\"https:\/\/www.personeriaplayon.gov.co\/index.php\/pqrs\/\"><span><span style=\"color: #000000;\">PQRS<\/span><\/span><\/a><\/p>\n<p>[\/et_pb_text][\/et_pb_column][\/et_pb_row][et_pb_row _builder_version=&#8221;4.19.0&#8243; _module_preset=&#8221;default&#8221; global_colors_info=&#8221;{}&#8221;][et_pb_column type=&#8221;4_4&#8243; _builder_version=&#8221;4.19.0&#8243; _module_preset=&#8221;default&#8221; global_colors_info=&#8221;{}&#8221;][et_pb_social_media_follow icon_color=&#8221;#E1ECEA&#8221; _builder_version=&#8221;4.19.0&#8243; _module_preset=&#8221;default&#8221; transform_scale_tablet=&#8221;&#8221; transform_scale_phone=&#8221;&#8221; transform_scale_last_edited=&#8221;on|desktop&#8221; transform_translate=&#8221;-10px|35px&#8221; transform_translate_tablet=&#8221;-10px|35px&#8221; transform_translate_phone=&#8221;-10px|35px&#8221; transform_translate_last_edited=&#8221;on|desktop&#8221; transform_translate_linked=&#8221;off&#8221; transform_rotate_tablet=&#8221;&#8221; transform_rotate_phone=&#8221;&#8221; transform_rotate_last_edited=&#8221;on|desktop&#8221; transform_skew_tablet=&#8221;&#8221; transform_skew_phone=&#8221;&#8221; transform_skew_last_edited=&#8221;on|desktop&#8221; transform_origin_tablet=&#8221;&#8221; transform_origin_phone=&#8221;&#8221; transform_origin_last_edited=&#8221;on|desktop&#8221; transform_styles_last_edited=&#8221;on|desktop&#8221; transform_styles_tablet=&#8221;&#8221; transform_styles_phone=&#8221;&#8221; locked=&#8221;off&#8221; global_colors_info=&#8221;{}&#8221;][et_pb_social_media_follow_network social_network=&#8221;facebook&#8221; icon_color=&#8221;#0C71C3&#8243; _builder_version=&#8221;4.19.0&#8243; _module_preset=&#8221;default&#8221; global_colors_info=&#8221;{}&#8221; follow_button=&#8221;off&#8221; url_new_window=&#8221;on&#8221;]facebook[\/et_pb_social_media_follow_network][et_pb_social_media_follow_network social_network=&#8221;twitter&#8221; icon_color=&#8221;#0C71C3&#8243; _builder_version=&#8221;4.19.0&#8243; _module_preset=&#8221;default&#8221; global_colors_info=&#8221;{}&#8221; follow_button=&#8221;off&#8221; url_new_window=&#8221;on&#8221;]twitter[\/et_pb_social_media_follow_network][et_pb_social_media_follow_network social_network=&#8221;linkedin&#8221; icon_color=&#8221;#0C71C3&#8243; _builder_version=&#8221;4.19.0&#8243; _module_preset=&#8221;default&#8221; global_colors_info=&#8221;{}&#8221; follow_button=&#8221;off&#8221; url_new_window=&#8221;on&#8221;]linkedin[\/et_pb_social_media_follow_network][\/et_pb_social_media_follow][\/et_pb_column][\/et_pb_row][\/et_pb_section]<\/p>\n","protected":false},"excerpt":{"rendered":"<p>personer\u00cda de el play\u00f3n santander LOS DERECHOS EN SERIOLa Personer\u00eda de El Play\u00f3n Santander, pone a disposici\u00f3n las Resoluciones\u00a0RESOLUCION No. 001 2023Contacto(+57) 318 891-1597 Carrera 5 No. 8-24. Barrio Roberto Ortega Municipio de El Play\u00f3n &#8211; Santander &nbsp;ServiciosNuestra Entidad Veedur\u00edas Registradas Respuesta a Derechos de Petici\u00f3n Informes Noticias PQRSfacebooktwitterlinkedin<\/p>\n","protected":false},"author":1,"featured_media":0,"parent":0,"menu_order":0,"comment_status":"closed","ping_status":"closed","template":"","meta":{"_et_pb_use_builder":"on","_et_pb_old_content":"","_et_gb_content_width":"","footnotes":""},"class_list":["post-834","page","type-page","status-publish","hentry"],"_links":{"self":[{"href":"https:\/\/www.personeriaplayon.gov.co\/index.php\/wp-json\/wp\/v2\/pages\/834","targetHints":{"allow":["GET"]}}],"collection":[{"href":"https:\/\/www.personeriaplayon.gov.co\/index.php\/wp-json\/wp\/v2\/pages"}],"about":[{"href":"https:\/\/www.personeriaplayon.gov.co\/index.php\/wp-json\/wp\/v2\/types\/page"}],"author":[{"embeddable":true,"href":"https:\/\/www.personeriaplayon.gov.co\/index.php\/wp-json\/wp\/v2\/users\/1"}],"replies":[{"embeddable":true,"href":"https:\/\/www.personeriaplayon.gov.co\/index.php\/wp-json\/wp\/v2\/comments?post=834"}],"version-history":[{"count":15,"href":"https:\/\/www.personeriaplayon.gov.co\/index.php\/wp-json\/wp\/v2\/pages\/834\/revisions"}],"predecessor-version":[{"id":1120,"href":"https:\/\/www.personeriaplayon.gov.co\/index.php\/wp-json\/wp\/v2\/pages\/834\/revisions\/1120"}],"wp:attachment":[{"href":"https:\/\/www.personeriaplayon.gov.co\/index.php\/wp-json\/wp\/v2\/media?parent=834"}],"curies":[{"name":"wp","href":"https:\/\/api.w.org\/{rel}","templated":true}]}}